{"id":382,"date":"2015-10-30T16:12:45","date_gmt":"2015-10-30T15:12:45","guid":{"rendered":"http:\/\/pgv.projektstatus.com\/alrutz\/?page_id=382"},"modified":"2025-05-07T18:11:49","modified_gmt":"2025-05-07T16:11:49","slug":"kontakt","status":"publish","type":"page","link":"https:\/\/www.pgv-hannover.de\/alrutz\/kontakt\/","title":{"rendered":"Kontakt"},"content":{"rendered":"<h3>Auf dem Weg zu uns?<\/h3>\n<p>Wir freuen uns auf Ihre Kontaktaufnahme. Direkte Ansprechpartner finden Sie auf der <a href=\"\/alrutz\/ueber-uns\/team\/\">Team-Seite<\/a>.<\/p>\n<p>Hier k\u00f6nnen Sie uns per Post, Fax und E-Mail erreichen:<\/p>\n<p>PGV-Alrutz GbR<br \/>\nAdelheidstra\u00dfe 9b<br \/>\n30171 Hannover<\/p>\n<p>Telefon (Sekretariat): 0511-220601-80<br \/>\nFax: 0511 220601-990<\/p>\n<p>E-Mal:\u00a0<a href=\"mailto:info@pgv-alrutz.de\">info@pgv-alrutz.de<\/a><\/p>\n<p><a href=\"\/alrutz\/kontakt\/rechtliche-angaben\/\">Rechtliche Angaben<\/a>,\u00a0<a href=\"\/alrutz\/datenschutzerklaerung\/\">Datenschutzerkl\u00e4rung<\/a><\/p>\n<h3>Anfahrt<\/h3>\n<p>Wenn Sie uns besuchen m\u00f6chten, erreichen Sie uns sehr gut mit dem <strong>Fahrrad<\/strong>. Im Innenhof stehen Ihnen direkt vor unserer B\u00fcrot\u00fcr ausreichend Fahrradb\u00fcgel zur Verf\u00fcgung.<\/p>\n\n\n\t\t\t\t<div id=\"map_ol3js_1\" class=\"map undefined\" data-map_name=\"undefined\" data-map=\"map_ol3js_1\" style=\"width:100%; max-width:100%; height:500px; display:block; overflow:hidden;border:2px solid grey;\" >\n\t\t\t\t  <div id=\"map_ol3js_1_popup\" class=\"ol-popup\" >\n\t\t\t\t\t<a href=\"#\" id=\"map_ol3js_1_popup-closer\" class=\"ol-popup-closer\"><\/a>\n\t\t\t\t\t<div id=\"map_ol3js_1_popup-content\" ><\/div>\n\t\t\t\t  <\/div>\n\t\t\t\t<\/div>\n\t\t\t\n\t\t\t\t<link rel=\"stylesheet\" href=\"https:\/\/www.pgv-hannover.de\/alrutz\/wp-content\/plugins\/osm\/js\/OL\/6.5.0\/ol.css\" type=\"text\/css\">\n\t\t\t\t<link rel=\"stylesheet\" href=\"https:\/\/www.pgv-hannover.de\/alrutz\/wp-content\/plugins\/osm\/css\/osm_map_v3.css\" type=\"text\/css\">\n\t\t\t\t<link rel=\"stylesheet\" href=\"https:\/\/www.pgv-hannover.de\/alrutz\/wp-content\/plugins\/osm\/css\/osm_map.css\" type=\"text\/css\">\n\t\t\t\t<!-- The line below is only needed for old environments like Internet Explorer and Android 4.x -->\n                                <script src=\"https:\/\/www.pgv-hannover.de\/alrutz\/wp-content\/plugins\/osm\/js\/polyfill\/v2\/polyfill.min.js?features=requestAnimationFrame,Element.prototype.classList,URL\"><\/script>\n\n\t\t\t\t<script src=\"https:\/\/www.pgv-hannover.de\/alrutz\/wp-content\/plugins\/osm\/js\/OL\/6.5.0\/ol.js\" type=\"text\/javascript\"><\/script>\n\t\t\t\t<script src=\"https:\/\/www.pgv-hannover.de\/alrutz\/wp-content\/plugins\/osm\/js\/osm-v3-plugin-lib.js\" type=\"text\/javascript\"><\/script>\n\t\t\t\t<script src=\"https:\/\/www.pgv-hannover.de\/alrutz\/wp-content\/plugins\/osm\/js\/osm-metabox-events.js\" type=\"text\/javascript\"><\/script>\n\t\t\t\t<script src=\"https:\/\/www.pgv-hannover.de\/alrutz\/wp-content\/plugins\/osm\/js\/osm-startup-lib.js\" type=\"text\/javascript\"><\/script>\n\t\t\t\t<script type=\"text\/javascript\">\n\t\t\t\t\ttranslations['openlayer'] = \"open layer\";\n\t\t\t\t\ttranslations['openlayerAtStartup'] = \"open layer at startup\";\n\t\t\t\t\ttranslations['generateLink'] = \"Der Link zur Karte mit ausgew\u00e4hlten Overlays und angezeigtem Ausschnitt\";\n\t\t\t\t\ttranslations['shortDescription'] = \"Kurzbeschreibung\";\n\t\t\t\t\ttranslations['generatedShortCode'] = \"to get a text control link paste this code in your wordpress editor\";\n\t\t\t\t\ttranslations['closeLayer'] = \"close layer\";\n\t\t\t\t\ttranslations['cantGenerateLink'] = \"put this string in the existing map short code to control this map\";\n\t\t\t\t<\/script>\n\n\t\t\t  <script type=\"text\/javascript\">vectorM['map_ol3js_1'] = [];\n\n\tvar attribution = new ol.control.Attribution({\n        collapsible: false\n      });\n\n\n      \n      var raster = new ol.layer.Tile({\n        source: new ol.source.OSM({ }),\n        zIndex: 90\n      });\n      var Controls = ol.control.defaults({ attribution: false }).extend([\n          attribution\n      ]); \n\t\t\t  map_ol3js_1 = new ol.Map({\n\t\tcontrols: Controls,\n\t\t\n\t\t\t\tinteractions: ol.interaction.defaults({mouseWheelZoom:false}),\n\t\t\t\tlayers: [raster],\n\t\t\t\ttarget: \"map_ol3js_1\",\n\t\t\t\tview: new ol.View({\n\t\t\t\t  center: ol.proj.transform([9.749,52.367], \"EPSG:4326\", \"EPSG:3857\"),\n\t\t\t\t  zoom: 16\n\t\t\t\t})\n\t\t\t  });\n\t\t\t  osm_addMarkerLayer(map_ol3js_1,9.74913,52.36618,\"https:\/\/www.pgv-hannover.de\/alrutz\/wp-content\/plugins\/osm\/icons\/mic_blue_cycling_01.png\",-16,-41,\"PGV-Alrutz  <\/a><br \/>\") ; \n\t\t  var osm_controls = [\n\t\t\tnew ol.control.Attribution(),\n\t\t\tnew ol.control.MousePosition({\n\t\t\t  undefinedHTML: \"outside\",\n\t\t\t  projection: \"EPSG:4326\",\n\t\t\t  coordinateFormat: function(coordinate) {\n\t\t\t\t return ol.coordinate.format(coordinate, \"{y}, {x}\", 5);\n\t\t\t  }\n\t\t\t}),\n\t\t\tnew ol.control.OverviewMap({\n\t\t\t  collapsed: false\n\t\t\t}),\n\t\t\tnew ol.control.Rotate({\n\t\t\t  autoHide: false\n\t\t\t}),\n\t\t\tnew ol.control.ScaleLine(),\n\t\t\tnew ol.control.Zoom(),\n\t\t\tnew ol.control.ZoomSlider(),\n\t\t\tnew ol.control.ZoomToExtent({\n      extent: [-11243808.051695308, 1.202710291, 9561377.290892059, 6852382.107835932]\n    }),\n\t\t\tnew ol.control.FullScreen()\n\t\t  ]; \nmap_ol3js_1.addControl(osm_controls[8]);\nosm_addPopupClickhandler(map_ol3js_1,  \"map_ol3js_1\"); \nosm_addMouseHover(map_ol3js_1); <\/script>\n<p>&nbsp;<\/p>\n<p>Mit <strong>\u00f6ffentlichen Verkehrsmitteln<\/strong>:<br \/>\nVom Hauptbahnhof mit den Stadtbahnlinien 1, 2 oder 8 bis zur Haltestelle \u201eSchl\u00e4gerstra\u00dfe\u201c (ca. 5 Min. Fahrzeit).<br \/>\nHier nutzen Sie den entgegen der Fahrtrichtung rechts liegenden Treppenaufgang. Ab der Haltestelle sind es noch ca. 5 Minuten zu Fu\u00df.<\/p>\n<p>Bei einer Anreise mit dem <strong>Auto<\/strong> sollten Sie f\u00fcr die Parkplatzsuche in B\u00fcron\u00e4he etwas Zeit einplanen. \u00dcber eigene Kfz-Parkpl\u00e4tze verf\u00fcgen wir nicht.<\/p>\n<p><strong>Unser B\u00fcrogeb\u00e4ude liegt im Innenhof der Adelheidstra\u00dfe 9<\/strong><\/p>\n<p><img loading=\"lazy\" class=\"alignnone wp-image-421 size-full\" src=\"https:\/\/www.pgv-hannover.de\/alrutz\/wp-content\/uploads\/2015\/10\/adelheidstrasse-9b-11.jpg\" alt=\"Unser B\u00fcrogeb\u00e4ude liegt im Innenhof der Adelheidstra\u00dfe 9.\" width=\"627\" height=\"351\" srcset=\"https:\/\/www.pgv-hannover.de\/alrutz\/wp-content\/uploads\/2015\/10\/adelheidstrasse-9b-11.jpg 627w, https:\/\/www.pgv-hannover.de\/alrutz\/wp-content\/uploads\/2015\/10\/adelheidstrasse-9b-11-300x168.jpg 300w, https:\/\/www.pgv-hannover.de\/alrutz\/wp-content\/uploads\/2015\/10\/adelheidstrasse-9b-11-356x200.jpg 356w\" sizes=\"(max-width: 627px) 100vw, 627px\" \/><\/p>\n<p>Halten Sie sich im Innenhof bitte links. Unser B\u00fcro befindet sich in der ersten Etage. Es ist nicht barrierefrei zu erreichen.<\/p>\n<p>&nbsp;<\/p>\n\n\t\t<style type=\"text\/css\">\n\t\t\t#gallery-1 {\n\t\t\t\tmargin: auto;\n\t\t\t}\n\t\t\t#gallery-1 .gallery-item {\n\t\t\t\tfloat: left;\n\t\t\t\tmargin-top: 10px;\n\t\t\t\ttext-align: center;\n\t\t\t\twidth: 50%;\n\t\t\t}\n\t\t\t#gallery-1 img {\n\t\t\t\tborder: 2px solid #cfcfcf;\n\t\t\t}\n\t\t\t#gallery-1 .gallery-caption {\n\t\t\t\tmargin-left: 0;\n\t\t\t}\n\t\t\t\/* see gallery_shortcode() in wp-includes\/media.php *\/\n\t\t<\/style>\n\t\t<div id='gallery-1' class='gallery galleryid-382 gallery-columns-2 gallery-size-medium'><dl class='gallery-item'>\n\t\t\t<dt class='gallery-icon landscape'>\n\t\t\t\t<img width=\"300\" height=\"168\" src=\"https:\/\/www.pgv-hannover.de\/alrutz\/wp-content\/uploads\/2015\/10\/pgveingangfarbig-1-300x168.jpg\" class=\"attachment-medium size-medium\" alt=\"\" loading=\"lazy\" aria-describedby=\"gallery-1-422\" srcset=\"https:\/\/www.pgv-hannover.de\/alrutz\/wp-content\/uploads\/2015\/10\/pgveingangfarbig-1-300x168.jpg 300w, https:\/\/www.pgv-hannover.de\/alrutz\/wp-content\/uploads\/2015\/10\/pgveingangfarbig-1-356x200.jpg 356w, https:\/\/www.pgv-hannover.de\/alrutz\/wp-content\/uploads\/2015\/10\/pgveingangfarbig-1.jpg 627w\" sizes=\"(max-width: 300px) 100vw, 300px\" \/>\n\t\t\t<\/dt>\n\t\t\t\t<dd class='wp-caption-text gallery-caption' id='gallery-1-422'>\n\t\t\t\tDer Zugang von der Stra\u00dfe befindet sich zwischen den Garagen.\n\t\t\t\t<\/dd><\/dl><dl class='gallery-item'>\n\t\t\t<dt class='gallery-icon landscape'>\n\t\t\t\t<img width=\"300\" height=\"168\" src=\"https:\/\/www.pgv-hannover.de\/alrutz\/wp-content\/uploads\/2015\/10\/pgveingangfarbig-3-300x168.jpg\" class=\"attachment-medium size-medium\" alt=\"\" loading=\"lazy\" aria-describedby=\"gallery-1-423\" srcset=\"https:\/\/www.pgv-hannover.de\/alrutz\/wp-content\/uploads\/2015\/10\/pgveingangfarbig-3-300x168.jpg 300w, https:\/\/www.pgv-hannover.de\/alrutz\/wp-content\/uploads\/2015\/10\/pgveingangfarbig-3-356x200.jpg 356w, https:\/\/www.pgv-hannover.de\/alrutz\/wp-content\/uploads\/2015\/10\/pgveingangfarbig-3.jpg 627w\" sizes=\"(max-width: 300px) 100vw, 300px\" \/>\n\t\t\t<\/dt>\n\t\t\t\t<dd class='wp-caption-text gallery-caption' id='gallery-1-423'>\n\t\t\t\tDie Klingel ist in die Briefk\u00e4sten im Vorgarten integriert.\n\t\t\t\t<\/dd><\/dl><br style=\"clear: both\" \/>\n\t\t<\/div>\n\n","protected":false},"excerpt":{"rendered":"<p>Auf dem Weg zu uns? Wir freuen uns auf Ihre Kontaktaufnahme. Direkte Ansprechpartner finden Sie auf der Team-Seite. Hier k\u00f6nnen Sie uns per Post, Fax und E-Mail erreichen: PGV-Alrutz GbR Adelheidstra\u00dfe 9b 30171 Hannover Telefon (Sekretariat): 0511-220601-80 Fax: 0511 220601-990 E-Mal:\u00a0info@pgv-alrutz.de Rechtliche Angaben,\u00a0Datenschutzerkl\u00e4rung Anfahrt Wenn Sie uns besuchen m\u00f6chten, erreichen Sie uns sehr gut mit [&hellip;]<\/p>\n","protected":false},"author":1,"featured_media":0,"parent":0,"menu_order":5,"comment_status":"closed","ping_status":"closed","template":"","meta":[],"_links":{"self":[{"href":"https:\/\/www.pgv-hannover.de\/alrutz\/wp-json\/wp\/v2\/pages\/382"}],"collection":[{"href":"https:\/\/www.pgv-hannover.de\/alrutz\/wp-json\/wp\/v2\/pages"}],"about":[{"href":"https:\/\/www.pgv-hannover.de\/alrutz\/wp-json\/wp\/v2\/types\/page"}],"author":[{"embeddable":true,"href":"https:\/\/www.pgv-hannover.de\/alrutz\/wp-json\/wp\/v2\/users\/1"}],"replies":[{"embeddable":true,"href":"https:\/\/www.pgv-hannover.de\/alrutz\/wp-json\/wp\/v2\/comments?post=382"}],"version-history":[{"count":43,"href":"https:\/\/www.pgv-hannover.de\/alrutz\/wp-json\/wp\/v2\/pages\/382\/revisions"}],"predecessor-version":[{"id":2644,"href":"https:\/\/www.pgv-hannover.de\/alrutz\/wp-json\/wp\/v2\/pages\/382\/revisions\/2644"}],"wp:attachment":[{"href":"https:\/\/www.pgv-hannover.de\/alrutz\/wp-json\/wp\/v2\/media?parent=382"}],"curies":[{"name":"wp","href":"https:\/\/api.w.org\/{rel}","templated":true}]}}