{"id":21,"date":"2015-04-11T00:20:28","date_gmt":"2015-04-10T22:20:28","guid":{"rendered":"http:\/\/themes.wplook.com\/construction\/?page_id=21"},"modified":"2026-01-27T14:14:34","modified_gmt":"2026-01-27T13:14:34","slug":"team","status":"publish","type":"page","link":"https:\/\/www.pgv-hannover.de\/alrutz\/ueber-uns\/team\/","title":{"rendered":"Team"},"content":{"rendered":"<p class=\"Standardvorber\"><div class=\"row grey\" style=\"\"> \n<p class=\"Standardvorber\"><div class=\"large-4 columns\" style=\"\">Im B\u00fcro PGV-Alrutz GbR engagieren sich neben der Gesch\u00e4ftsf\u00fchrung zehn wissenschaftliche und vier technische Mitarbeitende. Vertreten sind die Fachdisziplinen Verkehrsingenieurwesen, Geographie, Stadt- und Raumplanung, Sozialwissenschaften sowie Landschaftsplanung. Fallweise verst\u00e4rken studentische und freie Mitarbeitende das Team.<\/div>\n<div class=\"large-8 columns\" style=\"\"><img loading=\"lazy\" class=\"alignnone wp-image-446 size-large\" src=\"https:\/\/www.pgv-hannover.de\/alrutz\/wp-content\/uploads\/2016\/01\/geschaeftsfuehrung_2016-1024x573.jpg\" alt=\"Geschaeftsfuehrung_2016\" width=\"640\" height=\"358\" srcset=\"https:\/\/www.pgv-hannover.de\/alrutz\/wp-content\/uploads\/2016\/01\/geschaeftsfuehrung_2016.jpg 1024w, https:\/\/www.pgv-hannover.de\/alrutz\/wp-content\/uploads\/2016\/01\/geschaeftsfuehrung_2016-300x168.jpg 300w, https:\/\/www.pgv-hannover.de\/alrutz\/wp-content\/uploads\/2016\/01\/geschaeftsfuehrung_2016-768x430.jpg 768w, https:\/\/www.pgv-hannover.de\/alrutz\/wp-content\/uploads\/2016\/01\/geschaeftsfuehrung_2016-356x200.jpg 356w\" sizes=\"(max-width: 640px) 100vw, 640px\" \/>Seit dem 1. Januar 2016 bilden Dankmar Alrutz, Wolfgang Bohle und Heike Prahlow die Gesch\u00e4ftsf\u00fchrung der PGV-Alrutz GbR.<br \/>\nHerr Alrutz (links) gab seine Funktion als Gesellschafter zum 31.12.2018 aus Altersgr\u00fcnden ab. Er stand dem B\u00fcro bis zu seinem Tod im M\u00e4rz 2024 beratend zur Verf\u00fcgung.<\/div>\n <\/div>\n","protected":false},"excerpt":{"rendered":"","protected":false},"author":1,"featured_media":0,"parent":13,"menu_order":20,"comment_status":"open","ping_status":"closed","template":"template-staff.php","meta":[],"_links":{"self":[{"href":"https:\/\/www.pgv-hannover.de\/alrutz\/wp-json\/wp\/v2\/pages\/21"}],"collection":[{"href":"https:\/\/www.pgv-hannover.de\/alrutz\/wp-json\/wp\/v2\/pages"}],"about":[{"href":"https:\/\/www.pgv-hannover.de\/alrutz\/wp-json\/wp\/v2\/types\/page"}],"author":[{"embeddable":true,"href":"https:\/\/www.pgv-hannover.de\/alrutz\/wp-json\/wp\/v2\/users\/1"}],"replies":[{"embeddable":true,"href":"https:\/\/www.pgv-hannover.de\/alrutz\/wp-json\/wp\/v2\/comments?post=21"}],"version-history":[{"count":33,"href":"https:\/\/www.pgv-hannover.de\/alrutz\/wp-json\/wp\/v2\/pages\/21\/revisions"}],"predecessor-version":[{"id":2692,"href":"https:\/\/www.pgv-hannover.de\/alrutz\/wp-json\/wp\/v2\/pages\/21\/revisions\/2692"}],"up":[{"embeddable":true,"href":"https:\/\/www.pgv-hannover.de\/alrutz\/wp-json\/wp\/v2\/pages\/13"}],"wp:attachment":[{"href":"https:\/\/www.pgv-hannover.de\/alrutz\/wp-json\/wp\/v2\/media?parent=21"}],"curies":[{"name":"wp","href":"https:\/\/api.w.org\/{rel}","templated":true}]}}