{"id":13,"date":"2015-04-11T00:18:13","date_gmt":"2015-04-10T22:18:13","guid":{"rendered":"http:\/\/themes.wplook.com\/construction\/?page_id=13"},"modified":"2016-10-19T10:55:39","modified_gmt":"2016-10-19T08:55:39","slug":"ueber-uns","status":"publish","type":"page","link":"https:\/\/www.pgv-hannover.de\/alrutz\/ueber-uns\/","title":{"rendered":"\u00dcber uns"},"content":{"rendered":"<h3>Selbstverst\u00e4ndnis<\/h3>\n<p><strong>Umweltschonender, sozialvertr\u00e4glicher und sicherer Verkehr<br \/>\n<\/strong>Im Bereich der F\u00f6rderung und Sicherheit des Fu\u00df- und Radverkehrs besitzen wir einen ausgepr\u00e4gten Arbeitsschwerpunkt.<\/p>\n<p><strong>\u00dcberregionale Erfahrungen seit mehr als 30 Jahren<br \/>\n<\/strong>Durch unsere bundesweite T\u00e4tigkeit sind wir mit vielf\u00e4ltigen Problemlagen und erfolgversprechenden L\u00f6sungsans\u00e4tzen vertraut.<\/p>\n<p><strong>Umsetzungs- und praxisorientierte Projektbearbeitung<br \/>\n<\/strong>Gute Ortskenntnis und konsensorientierte Planung mit praxiserprobten L\u00f6sungen sind f\u00fcr uns zentrale Bausteine bei der Projektbearbeitung.<\/p>\n<p><strong>Theorie und Praxis sind bei uns eng verzahnt<br \/>\n<\/strong>Durch zahlreiche Forschungs- und Modellvorhaben, Seminare und Ver\u00f6ffentlichungen sowie durch unser langj\u00e4hriges Engagement in der Forschungsgesellschaft f\u00fcr Stra\u00dfen- und Verkehrswesen (FGSV) bieten wir Ihnen aktuelles Fachwissen und innovative L\u00f6sungsans\u00e4tze.<\/p>\n<p><strong>Besondere Qualifikationen<\/strong><br \/>\nWir bieten:<\/p>\n<ul>\n<li>Sicherheitsaudits f\u00fcr inner\u00f6rtliche Stra\u00dfen<\/li>\n<li>BYPAD \u2013 Qualit\u00e4tsmanagementverfahren im Radverkehr.<\/li>\n<\/ul>\n<p><strong>\u201eAusbildungsbetrieb\u201c<br \/>\n<\/strong>Wir bieten regelm\u00e4\u00dfig <a href=\"\/alrutz\/category\/stellenangebote\/\">Praktika<\/a> f\u00fcr Studierende mit verkehrsbezogenen Studieng\u00e4ngen an.<\/p>\n<p><strong>Kooperationen<br \/>\n<\/strong>F\u00fcr besondere fachliche Fragen oder bei umfangreichen Projekten kooperieren wir mit B\u00fcros anderer Fachdisziplinen.<\/p>\n<p><strong>Mitgliedschaften<\/strong><\/p>\n<ul>\n<li>ADFC<\/li>\n<li>FGSV<\/li>\n<li>Fuss\u00a0e.\u00a0V.<\/li>\n<li>Ingenieurkammer Niedersachsen<\/li>\n<li>VSVI<\/li>\n<\/ul>\n<h3>Weiterlesen:<\/h3>\n<ul>\n<li><a href=\"\/alrutz\/ueber-uns\/team\/\">Unser Team<\/a><\/li>\n<li><a href=\"\/alrutz\/ueber-uns\/buerogeschichte\/\">B\u00fcrogeschichte<\/a><\/li>\n<\/ul>\n","protected":false},"excerpt":{"rendered":"<p>Selbstverst\u00e4ndnis Umweltschonender, sozialvertr\u00e4glicher und sicherer Verkehr Im Bereich der F\u00f6rderung und Sicherheit des Fu\u00df- und Radverkehrs besitzen wir einen ausgepr\u00e4gten Arbeitsschwerpunkt. \u00dcberregionale Erfahrungen seit mehr als 30 Jahren Durch unsere bundesweite T\u00e4tigkeit sind wir mit vielf\u00e4ltigen Problemlagen und erfolgversprechenden L\u00f6sungsans\u00e4tzen vertraut. Umsetzungs- und praxisorientierte Projektbearbeitung Gute Ortskenntnis und konsensorientierte Planung mit praxiserprobten L\u00f6sungen sind f\u00fcr [&hellip;]<\/p>\n","protected":false},"author":1,"featured_media":0,"parent":0,"menu_order":1,"comment_status":"closed","ping_status":"closed","template":"","meta":[],"_links":{"self":[{"href":"https:\/\/www.pgv-hannover.de\/alrutz\/wp-json\/wp\/v2\/pages\/13"}],"collection":[{"href":"https:\/\/www.pgv-hannover.de\/alrutz\/wp-json\/wp\/v2\/pages"}],"about":[{"href":"https:\/\/www.pgv-hannover.de\/alrutz\/wp-json\/wp\/v2\/types\/page"}],"author":[{"embeddable":true,"href":"https:\/\/www.pgv-hannover.de\/alrutz\/wp-json\/wp\/v2\/users\/1"}],"replies":[{"embeddable":true,"href":"https:\/\/www.pgv-hannover.de\/alrutz\/wp-json\/wp\/v2\/comments?post=13"}],"version-history":[{"count":14,"href":"https:\/\/www.pgv-hannover.de\/alrutz\/wp-json\/wp\/v2\/pages\/13\/revisions"}],"predecessor-version":[{"id":1423,"href":"https:\/\/www.pgv-hannover.de\/alrutz\/wp-json\/wp\/v2\/pages\/13\/revisions\/1423"}],"wp:attachment":[{"href":"https:\/\/www.pgv-hannover.de\/alrutz\/wp-json\/wp\/v2\/media?parent=13"}],"curies":[{"name":"wp","href":"https:\/\/api.w.org\/{rel}","templated":true}]}}